{"id":1644,"date":"2020-02-17T06:36:05","date_gmt":"2020-02-17T05:36:05","guid":{"rendered":"https:\/\/greenlands.info\/wordpress\/?page_id=1644"},"modified":"2020-09-14T22:02:15","modified_gmt":"2020-09-14T20:02:15","slug":"referenzen","status":"publish","type":"page","link":"https:\/\/greenlands.info\/?page_id=1644","title":{"rendered":"Referenzen"},"content":{"rendered":"<p>Wir planen und realisieren \u00fcberwiegend anspruchsvolle und hochwertige Privatg\u00e4rten und \u00f6ffentlich oder gewerblich genutzte Fl\u00e4chen und Au\u00dfenanlagen.<\/p>\n<p>Unser Ziel ist bei jedem Projekt, die bestm\u00f6gliche Qualit\u00e4t unserer Leistungen zu erreichen und den Bauherren und Baudamen ein in jeder Hinsicht funktionales, gestalterisch gelungenes und werthaltiges Bauwerk zu \u00fcbergeben.<\/p>\n<p>Hier zeigen wir Ihnen Beispiele von fertiggestellten Projekten in Berlin und Brandenburg.<\/p>\n","protected":false},"excerpt":{"rendered":"<p>Wir planen und realisieren \u00fcberwiegend anspruchsvolle und hochwertige Privatg\u00e4rten und \u00f6ffentlich oder gewerblich genutzte Fl\u00e4chen und Au\u00dfenanlagen. Unser Ziel ist bei jedem Projekt, die bestm\u00f6gliche Qualit\u00e4t unserer Leistungen zu erreichen und den Bauherren und Baudamen ein in jeder Hinsicht funktionales, gestalterisch gelungenes und werthaltiges Bauwerk zu \u00fcbergeben. Hier zeigen wir Ihnen Beispiele von fertiggestellten Projekten [&hellip;]<\/p>\n","protected":false},"author":1,"featured_media":0,"parent":0,"menu_order":0,"comment_status":"closed","ping_status":"closed","template":"template-referenzen.php","meta":[],"_links":{"self":[{"href":"https:\/\/greenlands.info\/index.php?rest_route=\/wp\/v2\/pages\/1644"}],"collection":[{"href":"https:\/\/greenlands.info\/index.php?rest_route=\/wp\/v2\/pages"}],"about":[{"href":"https:\/\/greenlands.info\/index.php?rest_route=\/wp\/v2\/types\/page"}],"author":[{"embeddable":true,"href":"https:\/\/greenlands.info\/index.php?rest_route=\/wp\/v2\/users\/1"}],"replies":[{"embeddable":true,"href":"https:\/\/greenlands.info\/index.php?rest_route=%2Fwp%2Fv2%2Fcomments&post=1644"}],"version-history":[{"count":2,"href":"https:\/\/greenlands.info\/index.php?rest_route=\/wp\/v2\/pages\/1644\/revisions"}],"predecessor-version":[{"id":2308,"href":"https:\/\/greenlands.info\/index.php?rest_route=\/wp\/v2\/pages\/1644\/revisions\/2308"}],"wp:attachment":[{"href":"https:\/\/greenlands.info\/index.php?rest_route=%2Fwp%2Fv2%2Fmedia&parent=1644"}],"curies":[{"name":"wp","href":"https:\/\/api.w.org\/{rel}","templated":true}]}}