{"id":1720,"date":"2020-02-19T14:46:10","date_gmt":"2020-02-19T13:46:10","guid":{"rendered":"https:\/\/greenlands.info\/wordpress\/?page_id=1720"},"modified":"2020-08-09T22:38:49","modified_gmt":"2020-08-09T20:38:49","slug":"maison-de-amelie","status":"publish","type":"page","link":"https:\/\/greenlands.info\/?page_id=1720","title":{"rendered":"Maison de Amelie"},"content":{"rendered":"<p>Ihr Traumgarten ist jetzt endlich fertig. Wir haben unseren Bagger zur n\u00e4chsten Baustelle abtransportiert. Endlich wieder Ruhe!<\/p>\n<p>Jetzt m\u00f6chten Sie Ihren neuen Garten nat\u00fcrlich noch einrichten, ihm die i-Punkte aufsetzen.<\/p>\n<p>Vielleicht finden Sie auf den hier verlinkten Seiten das passende Kunstobjekt oder Accessoire oder eine ganz neue Idee, mit der Sie Ihren Garten jetzt zum Lieblingsplatz machen k\u00f6nnen.<\/p>\n<p>Lassen Sie sich inspirieren! Gern beantworten wir Ihre Fragen.<\/p>\n","protected":false},"excerpt":{"rendered":"<p>Ihr Traumgarten ist jetzt endlich fertig. Wir haben unseren Bagger zur n\u00e4chsten Baustelle abtransportiert. Endlich wieder Ruhe! Jetzt m\u00f6chten Sie Ihren neuen Garten nat\u00fcrlich noch einrichten, ihm die i-Punkte aufsetzen. Vielleicht finden Sie auf den hier verlinkten Seiten das passende Kunstobjekt oder Accessoire oder eine ganz neue Idee, mit der Sie Ihren Garten jetzt zum [&hellip;]<\/p>\n","protected":false},"author":1,"featured_media":0,"parent":0,"menu_order":0,"comment_status":"closed","ping_status":"closed","template":"template-maison-de-amelie.php","meta":[],"_links":{"self":[{"href":"https:\/\/greenlands.info\/index.php?rest_route=\/wp\/v2\/pages\/1720"}],"collection":[{"href":"https:\/\/greenlands.info\/index.php?rest_route=\/wp\/v2\/pages"}],"about":[{"href":"https:\/\/greenlands.info\/index.php?rest_route=\/wp\/v2\/types\/page"}],"author":[{"embeddable":true,"href":"https:\/\/greenlands.info\/index.php?rest_route=\/wp\/v2\/users\/1"}],"replies":[{"embeddable":true,"href":"https:\/\/greenlands.info\/index.php?rest_route=%2Fwp%2Fv2%2Fcomments&post=1720"}],"version-history":[{"count":10,"href":"https:\/\/greenlands.info\/index.php?rest_route=\/wp\/v2\/pages\/1720\/revisions"}],"predecessor-version":[{"id":2284,"href":"https:\/\/greenlands.info\/index.php?rest_route=\/wp\/v2\/pages\/1720\/revisions\/2284"}],"wp:attachment":[{"href":"https:\/\/greenlands.info\/index.php?rest_route=%2Fwp%2Fv2%2Fmedia&parent=1720"}],"curies":[{"name":"wp","href":"https:\/\/api.w.org\/{rel}","templated":true}]}}